{"id":60686,"date":"2020-11-20T16:02:30","date_gmt":"2020-11-20T15:02:30","guid":{"rendered":"http:\/\/selinasevil.se\/shop\/ticket-for-hafla-performer-guest-16-1-2021\/"},"modified":"2023-05-19T22:26:57","modified_gmt":"2023-05-19T20:26:57","slug":"ticket-to-hafla-belly-dancing-party","status":"publish","type":"product","link":"https:\/\/selinasevil.se\/en\/shop\/ticket-to-hafla-belly-dancing-party","title":{"rendered":"Ticket to hafla 20\/5 2023"},"content":{"rendered":"<p>Once you have purchased this ticket, you will be put on a list. If you buy several tickets under the same name, you are listed as ex &#8220;Anna Svensson +5&#8221;. Biljetten \u00e4r inte avbokningsbar. Welcome!<\/p>\n","protected":false},"excerpt":{"rendered":"<p>Once you have purchased this ticket, you will be put on a list. If you buy several tickets under the same name, you are listed as ex &#8220;Anna Svensson +5&#8221;. Biljetten \u00e4r inte avbokningsbar. Welcome!<\/p>\n","protected":false},"featured_media":69075,"comment_status":"open","ping_status":"closed","template":"","meta":{"_et_pb_use_builder":"off","_et_pb_old_content":"<strong>NOTE: The date has changed. The party will not be held 16\/1 due to Covid-19. But you can still buy tickets. Tickets are valid on the new date. The new date will be here as soon as it is set.<\/strong>\n\n<strong>This is the ticket both for you who will perform and for you who come as a guest. All evening activities are included. <a href=\"http:\/\/selinasevil.se\/hafla-med-magdans\/\">Read more here.<\/a><\/strong>\n\nYou dont need to bring the ticket When you have purchased this ticket, you will be signed to a list that we have at the door. Om du k\u00f6per m\u00e5nga biljetter under samma namn skrivs ni upp som ex \"Anna Svensson +5\" och d\u00e5 m\u00e5ste du och de du k\u00f6pt biljett \u00e5t g\u00e5 in samtidigt.\n\n<strong>When:<\/strong> Saturday 16 January 18.00\n<strong>Where:<\/strong> Norra Skolgatan 10B, floor 1 in Tea\/Barbro\n<strong>Bring:<\/strong> Everyone brings something to the coffee table\n\nBiljetten \u00e4r inte avbokningsbar. If new rules regarding Covid-19 should arise, the party is postponed to a later date and your ticket is then valid for this date. Note that we are only girls at the event and filming and photography is not allowed.\n\n ","_et_gb_content_width":""},"product_brand":[],"product_cat":[7206],"product_tag":[],"class_list":{"0":"post-60686","1":"product","2":"type-product","3":"status-publish","4":"has-post-thumbnail","6":"product_cat-event-eng-en","8":"first","9":"instock","10":"virtual","11":"purchasable","12":"product-type-simple"},"_links":{"self":[{"href":"https:\/\/selinasevil.se\/en\/wp-json\/wp\/v2\/product\/60686","targetHints":{"allow":["GET"]}}],"collection":[{"href":"https:\/\/selinasevil.se\/en\/wp-json\/wp\/v2\/product"}],"about":[{"href":"https:\/\/selinasevil.se\/en\/wp-json\/wp\/v2\/types\/product"}],"replies":[{"embeddable":true,"href":"https:\/\/selinasevil.se\/en\/wp-json\/wp\/v2\/comments?post=60686"}],"wp:featuredmedia":[{"embeddable":true,"href":"https:\/\/selinasevil.se\/en\/wp-json\/wp\/v2\/media\/69075"}],"wp:attachment":[{"href":"https:\/\/selinasevil.se\/en\/wp-json\/wp\/v2\/media?parent=60686"}],"wp:term":[{"taxonomy":"product_brand","embeddable":true,"href":"https:\/\/selinasevil.se\/en\/wp-json\/wp\/v2\/product_brand?post=60686"},{"taxonomy":"product_cat","embeddable":true,"href":"https:\/\/selinasevil.se\/en\/wp-json\/wp\/v2\/product_cat?post=60686"},{"taxonomy":"product_tag","embeddable":true,"href":"https:\/\/selinasevil.se\/en\/wp-json\/wp\/v2\/product_tag?post=60686"}],"curies":[{"name":"wp","href":"https:\/\/api.w.org\/{rel}","templated":true}]}}