{"id":37010,"date":"2018-03-27T20:54:20","date_gmt":"2018-03-27T19:54:20","guid":{"rendered":"http:\/\/selinasevil.se\/shop\/classic-belly-dance-show\/"},"modified":"2026-01-08T00:16:25","modified_gmt":"2026-01-07T23:16:25","slug":"classic-belly-dance-show","status":"publish","type":"product","link":"https:\/\/selinasevil.se\/en\/shop\/classic-belly-dance-show","title":{"rendered":"30-minute dance show"},"content":{"rendered":"<p>When you get to the checkout, enter the details of your event in the &#8220;other&#8221; box. What Magdans\u00f6sen needs to know in advance is the following: Date, time and address of the event. Mobile number of the person she calls when she is outside the party and whether the music can be played from a USB stick. The travel allowance is from Triangeln Malm\u00f6 C to you and back. Within Malm\u00f6 taxi. Outside Malm\u00f6, it depends on what is most suitable; train, bus or taxi. You will receive confirmation of your booking within 24 hours via email. Rules for cancellation and how you can prepare for the show can be found at the bottom of the page &#8220;book belly dance&#8221;.<\/p>\n","protected":false},"excerpt":{"rendered":"<p>&nbsp;<\/p>\n<ul>\n<li>Entrance with wings<\/li>\n<li>Classical belly dance<\/li>\n<li>Classic Drum Solo<\/li>\n<li>Dance with the guest of honour<\/li>\n<li>Travel reimbursement will be added<\/li>\n<\/ul>\n","protected":false},"featured_media":68590,"comment_status":"closed","ping_status":"closed","template":"","meta":{"_et_pb_use_builder":"","_et_pb_old_content":"","_et_gb_content_width":""},"product_brand":[],"product_cat":[4239],"product_tag":[4243,4242],"class_list":{"0":"post-37010","1":"product","2":"type-product","3":"status-publish","4":"has-post-thumbnail","6":"product_cat-belly-dance-shows","7":"product_tag-book-belly-dance","8":"product_tag-rent-belly-dancer","10":"first","11":"instock","12":"virtual","13":"purchasable","14":"product-type-simple"},"_links":{"self":[{"href":"https:\/\/selinasevil.se\/en\/wp-json\/wp\/v2\/product\/37010","targetHints":{"allow":["GET"]}}],"collection":[{"href":"https:\/\/selinasevil.se\/en\/wp-json\/wp\/v2\/product"}],"about":[{"href":"https:\/\/selinasevil.se\/en\/wp-json\/wp\/v2\/types\/product"}],"replies":[{"embeddable":true,"href":"https:\/\/selinasevil.se\/en\/wp-json\/wp\/v2\/comments?post=37010"}],"wp:featuredmedia":[{"embeddable":true,"href":"https:\/\/selinasevil.se\/en\/wp-json\/wp\/v2\/media\/68590"}],"wp:attachment":[{"href":"https:\/\/selinasevil.se\/en\/wp-json\/wp\/v2\/media?parent=37010"}],"wp:term":[{"taxonomy":"product_brand","embeddable":true,"href":"https:\/\/selinasevil.se\/en\/wp-json\/wp\/v2\/product_brand?post=37010"},{"taxonomy":"product_cat","embeddable":true,"href":"https:\/\/selinasevil.se\/en\/wp-json\/wp\/v2\/product_cat?post=37010"},{"taxonomy":"product_tag","embeddable":true,"href":"https:\/\/selinasevil.se\/en\/wp-json\/wp\/v2\/product_tag?post=37010"}],"curies":[{"name":"wp","href":"https:\/\/api.w.org\/{rel}","templated":true}]}}